{"id":13,"date":"2024-08-08T00:37:19","date_gmt":"2024-08-08T00:37:19","guid":{"rendered":"https:\/\/cisj.cl\/?page_id=13"},"modified":"2026-02-19T16:31:21","modified_gmt":"2026-02-19T16:31:21","slug":"rectoria","status":"publish","type":"page","link":"https:\/\/cisj.cl\/index.php\/rectoria\/","title":{"rendered":"Rector\u00eda"},"content":{"rendered":"<p>[et_pb_section fb_built=\u00bb1&#8243; _builder_version=\u00bb4.27.0&#8243; _module_preset=\u00bbdefault\u00bb background_color=\u00bb#007207&#8243; global_colors_info=\u00bb{}\u00bb][et_pb_row _builder_version=\u00bb4.27.0&#8243; _module_preset=\u00bbdefault\u00bb global_colors_info=\u00bb{}\u00bb][et_pb_column type=\u00bb4_4&#8243; _builder_version=\u00bb4.27.0&#8243; _module_preset=\u00bbdefault\u00bb global_colors_info=\u00bb{}\u00bb][et_pb_text _builder_version=\u00bb4.27.0&#8243; _module_preset=\u00bbdefault\u00bb header_font=\u00bb|700||on|||||\u00bb header_text_color=\u00bb#FFFFFF\u00bb header_font_size=\u00bb35px\u00bb global_colors_info=\u00bb{}\u00bb]<\/p>\n<h1 style=\"text-align: center;\">Rector\u00eda\u00a0<\/h1>\n<p>[\/et_pb_text][\/et_pb_column][\/et_pb_row][\/et_pb_section][et_pb_section fb_built=\u00bb1&#8243; _builder_version=\u00bb4.27.0&#8243; _module_preset=\u00bbdefault\u00bb width=\u00bb100%\u00bb global_colors_info=\u00bb{}\u00bb][et_pb_row column_structure=\u00bb1_3,2_3&#8243; _builder_version=\u00bb4.27.0&#8243; _module_preset=\u00bbdefault\u00bb global_colors_info=\u00bb{}\u00bb][et_pb_column type=\u00bb1_3&#8243; _builder_version=\u00bb4.27.0&#8243; _module_preset=\u00bbdefault\u00bb global_colors_info=\u00bb{}\u00bb][et_pb_image src=\u00bbhttps:\/\/cisj.cl\/wp-content\/uploads\/2024\/08\/Camilo-Alberto-Aguayo-Pineda.jpg\u00bb title_text=\u00bbCamilo Alberto Aguayo Pineda\u00bb _builder_version=\u00bb4.27.0&#8243; _module_preset=\u00bbdefault\u00bb global_colors_info=\u00bb{}\u00bb][\/et_pb_image][\/et_pb_column][et_pb_column type=\u00bb2_3&#8243; _builder_version=\u00bb4.27.0&#8243; _module_preset=\u00bbdefault\u00bb global_colors_info=\u00bb{}\u00bb][et_pb_text _builder_version=\u00bb4.27.0&#8243; _module_preset=\u00bbdefault\u00bb header_font=\u00bb|600|||||||\u00bb header_2_text_color=\u00bb#0872c9&#8243; global_colors_info=\u00bb{}\u00bb]<\/p>\n<h1><strong><span><\/span><\/strong><\/h1>\n<h1><strong><span><\/span><\/strong><\/h1>\n<h1><strong><span><\/span><\/strong><\/h1>\n<h1><strong><span><\/span><\/strong><\/h1>\n<h1><strong><span><\/span><\/strong><\/h1>\n<h1><strong><span><\/span><\/strong><\/h1>\n<h1><strong><span><\/span><\/strong><\/h1>\n<h1><strong><span><\/span><\/strong><\/h1>\n<h1><strong><span><\/span><\/strong><\/h1>\n<h1><strong><span><\/span><\/strong><\/h1>\n<h1><strong><span><\/span><\/strong><\/h1>\n<h1><strong><span><\/span><\/strong><\/h1>\n<h1><strong><span><\/span><\/strong><\/h1>\n<h1><strong><span>Saludo inicio de a\u00f1o 2026<br \/><\/span><\/strong>Camilo Aguayo Pineda<br \/><strong style=\"font-size: 30px;\">Rector CISJ<\/strong><\/h1>\n<p>[\/et_pb_text][\/et_pb_column][\/et_pb_row][et_pb_row _builder_version=\u00bb4.27.2&#8243; _module_preset=\u00bbdefault\u00bb global_colors_info=\u00bb{}\u00bb][et_pb_column type=\u00bb4_4&#8243; _builder_version=\u00bb4.27.2&#8243; _module_preset=\u00bbdefault\u00bb global_colors_info=\u00bb{}\u00bb][et_pb_text _builder_version=\u00bb4.27.2&#8243; _module_preset=\u00bbdefault\u00bb global_colors_info=\u00bb{}\u00bb]<\/p>\n<p><strong>Estimados estudiantes, y miembros de nuestra comunidad educativa:<\/strong><\/p>\n<p>Iniciamos este nuevo a\u00f1o escolar 2026 con la convicci\u00f3n de que la educaci\u00f3n es un camino de transformaci\u00f3n personal y social. Este nuevo ciclo representa una oportunidad privilegiada para continuar fortaleciendo nuestro compromiso con la formaci\u00f3n integral de nuestros estudiantes, inspirados en los valores que nos identifican como instituci\u00f3n cat\u00f3lica, en la b\u00fasqueda constante de la excelencia acad\u00e9mica, lo cual nos inspira a comprender que cada aprendizaje adquirido en nuestras aulas es una semilla que germina en la vida de nuestros estudiantes y, a trav\u00e9s de ellos, en la sociedad que construimos d\u00eda a d\u00eda.<\/p>\n<p>El Instituto San Jos\u00e9 de Ca\u00f1ete se proyecta hacia este a\u00f1o con el firme prop\u00f3sito de seguir fortaleciendo la excelencia acad\u00e9mica, la formaci\u00f3n integral y el compromiso con los valores que nos identifican. Nos desaf\u00eda la tarea de continuar mejorando en la calidad de los aprendizajes, en la innovaci\u00f3n pedag\u00f3gica y en la generaci\u00f3n de espacios que promuevan la participaci\u00f3n activa de todos los miembros de nuestra comunidad.<\/p>\n<p>Asimismo, reafirmamos nuestro compromiso con la vinculaci\u00f3n y el servicio a la comunidad local, entendiendo que la educaci\u00f3n trasciende los muros del colegio y se convierte en un aporte concreto al desarrollo social y cultural de nuestro entorno. Confiamos en que, con el esfuerzo conjunto de estudiantes, docentes, familias y colaboradores, lograremos avanzar en la construcci\u00f3n de un colegio que no solo instruya, sino que tambi\u00e9n forme ciudadanos \u00edntegros, comprometidos con el bien com\u00fan. Que este 2026 sea un a\u00f1o de logros compartidos, de crecimiento personal y colectivo, y de esperanza renovada en la misi\u00f3n educativa que nos convoca.<\/p>\n<p>Como nos indica el santo padre Le\u00f3n XIV, \u201ca los responsables de las instituciones, a los profesores y a los estudiantes: sean servidores del mundo educativo, core\u00f3grafos de la esperanza, investigadores incansables de la sabidur\u00eda, art\u00edfices cre\u00edbles de expresiones de belleza\u201d.<\/p>\n<p>Con aprecio y gratitud,<\/p>\n<p><strong>Sr. Camilo Aguayo Pineda\u00a0<\/strong><br \/><strong>Rector Instituto San Jos\u00e9 de Ca\u00f1ete<\/strong><\/p>\n<p>[\/et_pb_text][\/et_pb_column][\/et_pb_row][\/et_pb_section]<\/p>\n","protected":false},"excerpt":{"rendered":"<p>Rector\u00eda\u00a0 Saludo inicio de a\u00f1o 2026Camilo Aguayo PinedaRector CISJEstimados estudiantes, y miembros de nuestra comunidad educativa: Iniciamos este nuevo a\u00f1o escolar 2026 con la convicci\u00f3n de que la educaci\u00f3n es un camino de transformaci\u00f3n personal y social. Este nuevo ciclo representa una oportunidad privilegiada para continuar fortaleciendo nuestro compromiso con la formaci\u00f3n integral de nuestros [&hellip;]<\/p>\n","protected":false},"author":1,"featured_media":0,"parent":0,"menu_order":0,"comment_status":"closed","ping_status":"closed","template":"","meta":{"_et_pb_use_builder":"on","_et_pb_old_content":"","_et_gb_content_width":"","footnotes":""},"class_list":["post-13","page","type-page","status-publish","hentry"],"_links":{"self":[{"href":"https:\/\/cisj.cl\/index.php\/wp-json\/wp\/v2\/pages\/13","targetHints":{"allow":["GET"]}}],"collection":[{"href":"https:\/\/cisj.cl\/index.php\/wp-json\/wp\/v2\/pages"}],"about":[{"href":"https:\/\/cisj.cl\/index.php\/wp-json\/wp\/v2\/types\/page"}],"author":[{"embeddable":true,"href":"https:\/\/cisj.cl\/index.php\/wp-json\/wp\/v2\/users\/1"}],"replies":[{"embeddable":true,"href":"https:\/\/cisj.cl\/index.php\/wp-json\/wp\/v2\/comments?post=13"}],"version-history":[{"count":6,"href":"https:\/\/cisj.cl\/index.php\/wp-json\/wp\/v2\/pages\/13\/revisions"}],"predecessor-version":[{"id":626,"href":"https:\/\/cisj.cl\/index.php\/wp-json\/wp\/v2\/pages\/13\/revisions\/626"}],"wp:attachment":[{"href":"https:\/\/cisj.cl\/index.php\/wp-json\/wp\/v2\/media?parent=13"}],"curies":[{"name":"wp","href":"https:\/\/api.w.org\/{rel}","templated":true}]}}