{"id":17,"date":"2024-08-08T00:38:08","date_gmt":"2024-08-08T00:38:08","guid":{"rendered":"https:\/\/cisj.cl\/?page_id=17"},"modified":"2026-03-06T19:23:12","modified_gmt":"2026-03-06T19:23:12","slug":"mision-y-vision","status":"publish","type":"page","link":"https:\/\/cisj.cl\/index.php\/mision-y-vision\/","title":{"rendered":"Misi\u00f3n y Visi\u00f3n"},"content":{"rendered":"<p>[et_pb_section fb_built=\u00bb1&#8243; _builder_version=\u00bb4.27.0&#8243; _module_preset=\u00bbdefault\u00bb background_color=\u00bb#007207&#8243; global_colors_info=\u00bb{}\u00bb][et_pb_row _builder_version=\u00bb4.27.0&#8243; _module_preset=\u00bbdefault\u00bb global_colors_info=\u00bb{}\u00bb][et_pb_column type=\u00bb4_4&#8243; _builder_version=\u00bb4.27.0&#8243; _module_preset=\u00bbdefault\u00bb global_colors_info=\u00bb{}\u00bb][et_pb_text _builder_version=\u00bb4.27.0&#8243; _module_preset=\u00bbdefault\u00bb header_font=\u00bb|700||on|||||\u00bb header_text_color=\u00bb#FFFFFF\u00bb header_font_size=\u00bb35px\u00bb global_colors_info=\u00bb{}\u00bb]<\/p>\n<h1 style=\"text-align: center;\">Misi\u00f3n y Visi\u00f3n<\/h1>\n<p>[\/et_pb_text][\/et_pb_column][\/et_pb_row][\/et_pb_section][et_pb_section fb_built=\u00bb1&#8243; _builder_version=\u00bb4.27.0&#8243; _module_preset=\u00bbdefault\u00bb global_colors_info=\u00bb{}\u00bb][et_pb_row column_structure=\u00bb1_2,1_2&#8243; _builder_version=\u00bb4.27.0&#8243; _module_preset=\u00bbdefault\u00bb global_colors_info=\u00bb{}\u00bb][et_pb_column type=\u00bb1_2&#8243; _builder_version=\u00bb4.27.0&#8243; _module_preset=\u00bbdefault\u00bb global_colors_info=\u00bb{}\u00bb][et_pb_text _builder_version=\u00bb4.27.0&#8243; _module_preset=\u00bbdefault\u00bb global_colors_info=\u00bb{}\u00bb]<\/p>\n<h2><span style=\"font-weight: 400;\">Misi\u00f3n<\/span><\/h2>\n<p><span style=\"font-weight: 400;\">Somos una red de colegios pertenecientes al Arzobispado de la Sant\u00edsima Concepci\u00f3n que buscan Educar con excelencia y desarrollar al m\u00e1ximo las potencialidades de nuestros estudiantes; Evangelizar, en colaboraci\u00f3n con la familia, con una formaci\u00f3n integral basada en los valores del Evangelio de Jesucristo y Servir, para transformar nuestra sociedad en una m\u00e1s justa, humana y solidaria.<\/span><\/p>\n<p>[\/et_pb_text][\/et_pb_column][et_pb_column type=\u00bb1_2&#8243; _builder_version=\u00bb4.27.0&#8243; _module_preset=\u00bbdefault\u00bb global_colors_info=\u00bb{}\u00bb][et_pb_text _builder_version=\u00bb4.27.0&#8243; _module_preset=\u00bbdefault\u00bb global_colors_info=\u00bb{}\u00bb]<\/p>\n<h1><span style=\"font-weight: 400;\">Visi\u00f3n<\/span><\/h1>\n<p><span style=\"font-weight: 400;\">Al 2026, los colegios pertenecientes al Arzobispado de la Sant\u00edsima Concepci\u00f3n queremos posicionarnos a la vanguardia de los colegios de la comuna en la cual estamos insertos. A trav\u00e9s de una formaci\u00f3n que desarrolla las capacidades y valores de los educandos, aspiramos a ser reconocidos como referentes de una educaci\u00f3n cat\u00f3lica de calidad que contribuye a la sociedad con personas que hacen s\u00edntesis de fe, cultura y vida.<\/span><\/p>\n<p>[\/et_pb_text][\/et_pb_column][\/et_pb_row][\/et_pb_section]<\/p>\n","protected":false},"excerpt":{"rendered":"<p>Misi\u00f3n y Visi\u00f3nMisi\u00f3n Somos una red de colegios pertenecientes al Arzobispado de la Sant\u00edsima Concepci\u00f3n que buscan Educar con excelencia y desarrollar al m\u00e1ximo las potencialidades de nuestros estudiantes; Evangelizar, en colaboraci\u00f3n con la familia, con una formaci\u00f3n integral basada en los valores del Evangelio de Jesucristo y Servir, para transformar nuestra sociedad en una [&hellip;]<\/p>\n","protected":false},"author":1,"featured_media":0,"parent":0,"menu_order":0,"comment_status":"closed","ping_status":"closed","template":"","meta":{"_et_pb_use_builder":"on","_et_pb_old_content":"","_et_gb_content_width":"","footnotes":""},"class_list":["post-17","page","type-page","status-publish","hentry"],"_links":{"self":[{"href":"https:\/\/cisj.cl\/index.php\/wp-json\/wp\/v2\/pages\/17","targetHints":{"allow":["GET"]}}],"collection":[{"href":"https:\/\/cisj.cl\/index.php\/wp-json\/wp\/v2\/pages"}],"about":[{"href":"https:\/\/cisj.cl\/index.php\/wp-json\/wp\/v2\/types\/page"}],"author":[{"embeddable":true,"href":"https:\/\/cisj.cl\/index.php\/wp-json\/wp\/v2\/users\/1"}],"replies":[{"embeddable":true,"href":"https:\/\/cisj.cl\/index.php\/wp-json\/wp\/v2\/comments?post=17"}],"version-history":[{"count":4,"href":"https:\/\/cisj.cl\/index.php\/wp-json\/wp\/v2\/pages\/17\/revisions"}],"predecessor-version":[{"id":688,"href":"https:\/\/cisj.cl\/index.php\/wp-json\/wp\/v2\/pages\/17\/revisions\/688"}],"wp:attachment":[{"href":"https:\/\/cisj.cl\/index.php\/wp-json\/wp\/v2\/media?parent=17"}],"curies":[{"name":"wp","href":"https:\/\/api.w.org\/{rel}","templated":true}]}}