{"id":23,"date":"2024-08-08T00:39:31","date_gmt":"2024-08-08T00:39:31","guid":{"rendered":"https:\/\/cisj.cl\/?page_id=23"},"modified":"2026-03-11T14:24:44","modified_gmt":"2026-03-11T14:24:44","slug":"contacto","status":"publish","type":"page","link":"https:\/\/cisj.cl\/index.php\/contacto\/","title":{"rendered":"Contacto"},"content":{"rendered":"<p>[et_pb_section fb_built=\u00bb1&#8243; _builder_version=\u00bb4.27.0&#8243; _module_preset=\u00bbdefault\u00bb background_color=\u00bb#007207&#8243; global_colors_info=\u00bb{}\u00bb][et_pb_row _builder_version=\u00bb4.27.0&#8243; _module_preset=\u00bbdefault\u00bb global_colors_info=\u00bb{}\u00bb][et_pb_column type=\u00bb4_4&#8243; _builder_version=\u00bb4.27.0&#8243; _module_preset=\u00bbdefault\u00bb global_colors_info=\u00bb{}\u00bb][et_pb_text _builder_version=\u00bb4.27.0&#8243; _module_preset=\u00bbdefault\u00bb header_font=\u00bb|700||on|||||\u00bb header_text_color=\u00bb#FFFFFF\u00bb header_font_size=\u00bb35px\u00bb global_colors_info=\u00bb{}\u00bb]<\/p>\n<h1 style=\"text-align: center;\">Contacto<\/h1>\n<p>[\/et_pb_text][\/et_pb_column][\/et_pb_row][\/et_pb_section][et_pb_section fb_built=\u00bb1&#8243; _builder_version=\u00bb4.27.0&#8243; _module_preset=\u00bbdefault\u00bb width=\u00bb100%\u00bb global_colors_info=\u00bb{}\u00bb][et_pb_row _builder_version=\u00bb4.27.2&#8243; _module_preset=\u00bbdefault\u00bb hover_enabled=\u00bb0&#8243; global_colors_info=\u00bb{}\u00bb column_structure=\u00bb1_2,1_2&#8243; sticky_enabled=\u00bb0&#8243;][et_pb_column type=\u00bb1_2&#8243; _builder_version=\u00bb4.27.0&#8243; _module_preset=\u00bbdefault\u00bb global_colors_info=\u00bb{}\u00bb][et_pb_text _builder_version=\u00bb4.27.2&#8243; _module_preset=\u00bbdefault\u00bb hover_enabled=\u00bb0&#8243; global_colors_info=\u00bb{}\u00bb sticky_enabled=\u00bb0&#8243;]<\/p>\n<p><strong>Tel\u00e9fono: <\/strong><a href=\"tel:+56958648093\">+56 9 586 480 93<\/a><br \/><strong>Correo Electr\u00f3nico:<\/strong> <a href=\"mailto:contacto@cisj.cl\"> secretaria@cisj.cl<\/a><br \/><strong>Direcci\u00f3n:<\/strong> Av. Presidente Frei # 787, Ca\u00f1ete<\/p>\n<p>[\/et_pb_text][\/et_pb_column][et_pb_column type=\u00bb1_2&#8243; _builder_version=\u00bb4.27.0&#8243; _module_preset=\u00bbdefault\u00bb global_colors_info=\u00bb{}\u00bb][\/et_pb_column][\/et_pb_row][\/et_pb_section]<\/p>\n","protected":false},"excerpt":{"rendered":"<p>ContactoTel\u00e9fono: +56 9 586 480 93Correo Electr\u00f3nico: secretaria@cisj.clDirecci\u00f3n: Av. Presidente Frei # 787, Ca\u00f1ete<\/p>\n","protected":false},"author":1,"featured_media":0,"parent":0,"menu_order":0,"comment_status":"closed","ping_status":"closed","template":"","meta":{"_et_pb_use_builder":"on","_et_pb_old_content":"","_et_gb_content_width":"","footnotes":""},"class_list":["post-23","page","type-page","status-publish","hentry"],"_links":{"self":[{"href":"https:\/\/cisj.cl\/index.php\/wp-json\/wp\/v2\/pages\/23","targetHints":{"allow":["GET"]}}],"collection":[{"href":"https:\/\/cisj.cl\/index.php\/wp-json\/wp\/v2\/pages"}],"about":[{"href":"https:\/\/cisj.cl\/index.php\/wp-json\/wp\/v2\/types\/page"}],"author":[{"embeddable":true,"href":"https:\/\/cisj.cl\/index.php\/wp-json\/wp\/v2\/users\/1"}],"replies":[{"embeddable":true,"href":"https:\/\/cisj.cl\/index.php\/wp-json\/wp\/v2\/comments?post=23"}],"version-history":[{"count":7,"href":"https:\/\/cisj.cl\/index.php\/wp-json\/wp\/v2\/pages\/23\/revisions"}],"predecessor-version":[{"id":698,"href":"https:\/\/cisj.cl\/index.php\/wp-json\/wp\/v2\/pages\/23\/revisions\/698"}],"wp:attachment":[{"href":"https:\/\/cisj.cl\/index.php\/wp-json\/wp\/v2\/media?parent=23"}],"curies":[{"name":"wp","href":"https:\/\/api.w.org\/{rel}","templated":true}]}}