{"id":383,"date":"2025-05-08T13:18:53","date_gmt":"2025-05-08T13:18:53","guid":{"rendered":"https:\/\/cisj.cl\/?page_id=383"},"modified":"2025-05-08T13:21:54","modified_gmt":"2025-05-08T13:21:54","slug":"himno-cisj-2","status":"publish","type":"page","link":"https:\/\/cisj.cl\/index.php\/himno-cisj-2\/","title":{"rendered":"Himno CISJ"},"content":{"rendered":"<p>[et_pb_section fb_built=\u00bb1&#8243; _builder_version=\u00bb4.27.0&#8243; _module_preset=\u00bbdefault\u00bb background_color=\u00bb#007207&#8243; global_colors_info=\u00bb{}\u00bb][et_pb_row _builder_version=\u00bb4.27.0&#8243; _module_preset=\u00bbdefault\u00bb global_colors_info=\u00bb{}\u00bb][et_pb_column type=\u00bb4_4&#8243; _builder_version=\u00bb4.27.0&#8243; _module_preset=\u00bbdefault\u00bb global_colors_info=\u00bb{}\u00bb][et_pb_text _builder_version=\u00bb4.27.2&#8243; _module_preset=\u00bbdefault\u00bb header_font=\u00bb|700||on|||||\u00bb header_text_color=\u00bb#FFFFFF\u00bb header_font_size=\u00bb35px\u00bb global_colors_info=\u00bb{}\u00bb]<\/p>\n<h1 style=\"text-align: center;\">Himno Colegio Instituto San Jos\u00e9<\/h1>\n<p>[\/et_pb_text][\/et_pb_column][\/et_pb_row][\/et_pb_section][et_pb_section fb_built=\u00bb1&#8243; _builder_version=\u00bb4.27.0&#8243; _module_preset=\u00bbdefault\u00bb width=\u00bb100%\u00bb global_colors_info=\u00bb{}\u00bb][et_pb_row column_structure=\u00bb1_2,1_2&#8243; _builder_version=\u00bb4.27.2&#8243; _module_preset=\u00bbdefault\u00bb global_colors_info=\u00bb{}\u00bb min_height=\u00bb118.8px\u00bb][et_pb_column type=\u00bb1_2&#8243; _builder_version=\u00bb4.27.2&#8243; _module_preset=\u00bbdefault\u00bb global_colors_info=\u00bb{}\u00bb][et_pb_text _builder_version=\u00bb4.27.2&#8243; _module_preset=\u00bbdefault\u00bb hover_enabled=\u00bb0&#8243; global_colors_info=\u00bb{}\u00bb sticky_enabled=\u00bb0&#8243;]<b>Completo<\/b><br \/>\n<audio class=\"wp-audio-shortcode\" id=\"audio-383-1\" preload=\"none\" style=\"width: 100%;\" controls=\"controls\"><source type=\"audio\/mpeg\" src=\"https:\/\/cisj.cl\/wp-content\/uploads\/2025\/05\/HIMNO-CISJ.mp3?_=1\" \/><a href=\"https:\/\/cisj.cl\/wp-content\/uploads\/2025\/05\/HIMNO-CISJ.mp3\">https:\/\/cisj.cl\/wp-content\/uploads\/2025\/05\/HIMNO-CISJ.mp3<\/a><\/audio>[\/et_pb_text][\/et_pb_column][et_pb_column type=\u00bb1_2&#8243; _builder_version=\u00bb4.27.2&#8243; _module_preset=\u00bbdefault\u00bb global_colors_info=\u00bb{}\u00bb][et_pb_text _builder_version=\u00bb4.27.2&#8243; _module_preset=\u00bbdefault\u00bb hover_enabled=\u00bb0&#8243; global_colors_info=\u00bb{}\u00bb sticky_enabled=\u00bb0&#8243;]<b>Instrumental <\/b><br \/>\n<audio class=\"wp-audio-shortcode\" id=\"audio-383-2\" preload=\"none\" style=\"width: 100%;\" controls=\"controls\"><source type=\"audio\/mpeg\" src=\"https:\/\/cisj.cl\/wp-content\/uploads\/2025\/05\/HIMNO-CISJ-PISTA.mp3?_=2\" \/><a href=\"https:\/\/cisj.cl\/wp-content\/uploads\/2025\/05\/HIMNO-CISJ-PISTA.mp3\">https:\/\/cisj.cl\/wp-content\/uploads\/2025\/05\/HIMNO-CISJ-PISTA.mp3<\/a><\/audio>[\/et_pb_text][\/et_pb_column][\/et_pb_row][et_pb_row _builder_version=\u00bb4.27.2&#8243; _module_preset=\u00bbdefault\u00bb global_colors_info=\u00bb{}\u00bb][et_pb_column type=\u00bb4_4&#8243; _builder_version=\u00bb4.27.2&#8243; _module_preset=\u00bbdefault\u00bb global_colors_info=\u00bb{}\u00bb][et_pb_text _builder_version=\u00bb4.27.2&#8243; _module_preset=\u00bbdefault\u00bb global_colors_info=\u00bb{}\u00bb]<\/p>\n<p style=\"text-align: center;\">En ca\u00f1ete, perla verde y cielo azul<br \/>suelo hist\u00f3rico, esperanza e<br \/>ilusi\u00f3n, surge alegre iluminando el<br \/>cono Sur, Instituto, llama viva y<br \/>resplandor.<\/p>\n<p style=\"text-align: center;\">El futuro nos depara un d\u00eda feliz,<br \/>Desarrollo que har\u00e1 grande a mi<br \/>regi\u00f3n, Sea herencia que nos inste<br \/>a servir, Con denuedo, gratitud,<br \/>alma y tes\u00f3n.<\/p>\n<p style=\"text-align: center;\">Instituto, Instituto, Instituto San<br \/>Jos\u00e9, Crisol y gu\u00eda siempre eterna<br \/>del patrono, santo protector.<br \/>Instituto, instituto, instituto San<br \/>Jos\u00e9, por modelo, Jesucristo,<br \/>quien es camino y salvaci\u00f3n.<\/p>\n<p style=\"text-align: center;\">Caminando junto a Dios hacia el<br \/>saber d\u00eda a d\u00eda voy forjando en la<br \/>raz\u00f3n, los cimientos que den<br \/>temple a mi ser. Dando Cristo,<br \/>fuerza y vida al coraz\u00f3n.<\/p>\n<p style=\"text-align: center;\">Instituto, instituto, instituto San<br \/>Jos\u00e9, por modelo, Jesucristo,<br \/>quien es camino y salvaci\u00f3n.<br \/>quien es camino y salvaci\u00f3n.<\/p>\n<p>[\/et_pb_text][\/et_pb_column][\/et_pb_row][\/et_pb_section]<\/p>\n","protected":false},"excerpt":{"rendered":"<p>Himno Colegio Instituto San Jos\u00e9Completo Instrumental En ca\u00f1ete, perla verde y cielo azulsuelo hist\u00f3rico, esperanza eilusi\u00f3n, surge alegre iluminando elcono Sur, Instituto, llama viva yresplandor. El futuro nos depara un d\u00eda feliz,Desarrollo que har\u00e1 grande a miregi\u00f3n, Sea herencia que nos instea servir, Con denuedo, gratitud,alma y tes\u00f3n. Instituto, Instituto, Instituto SanJos\u00e9, Crisol y gu\u00eda [&hellip;]<\/p>\n","protected":false},"author":1,"featured_media":0,"parent":0,"menu_order":0,"comment_status":"closed","ping_status":"closed","template":"","meta":{"_et_pb_use_builder":"on","_et_pb_old_content":"","_et_gb_content_width":"","footnotes":""},"class_list":["post-383","page","type-page","status-publish","hentry"],"_links":{"self":[{"href":"https:\/\/cisj.cl\/index.php\/wp-json\/wp\/v2\/pages\/383","targetHints":{"allow":["GET"]}}],"collection":[{"href":"https:\/\/cisj.cl\/index.php\/wp-json\/wp\/v2\/pages"}],"about":[{"href":"https:\/\/cisj.cl\/index.php\/wp-json\/wp\/v2\/types\/page"}],"author":[{"embeddable":true,"href":"https:\/\/cisj.cl\/index.php\/wp-json\/wp\/v2\/users\/1"}],"replies":[{"embeddable":true,"href":"https:\/\/cisj.cl\/index.php\/wp-json\/wp\/v2\/comments?post=383"}],"version-history":[{"count":3,"href":"https:\/\/cisj.cl\/index.php\/wp-json\/wp\/v2\/pages\/383\/revisions"}],"predecessor-version":[{"id":391,"href":"https:\/\/cisj.cl\/index.php\/wp-json\/wp\/v2\/pages\/383\/revisions\/391"}],"wp:attachment":[{"href":"https:\/\/cisj.cl\/index.php\/wp-json\/wp\/v2\/media?parent=383"}],"curies":[{"name":"wp","href":"https:\/\/api.w.org\/{rel}","templated":true}]}}